{"id":179,"date":"2024-05-06T11:09:42","date_gmt":"2024-05-06T14:09:42","guid":{"rendered":"http:\/\/gnulinux.unp.edu.ar\/?page_id=179"},"modified":"2024-05-10T08:58:33","modified_gmt":"2024-05-10T11:58:33","slug":"estructura-funcional","status":"publish","type":"page","link":"https:\/\/gnulinux.unp.edu.ar\/?page_id=179","title":{"rendered":"Competencias"},"content":{"rendered":"\n<p><strong>Misi\u00f3n<\/strong><br>La Direcci\u00f3n de Servicios Inform\u00e1ticos es la responsable de todos los asuntos relacionados con el<br>asesoramiento y soporte tecnol\u00f3gico inform\u00e1tico (Hardware y software) uniforme en la UNPSJB y<br>a Instituciones con las que se celebren convenios de colaboraci\u00f3n y\/o servicios.<br>Tiene como misi\u00f3n favorecer el desempe\u00f1o de actividades propias de la Instituci\u00f3n; posicion\u00e1ndose<br>como un centro de referencia, en colaboraci\u00f3n con la Direcci\u00f3n General de Planeamiento (TICs) y<br>las sedes de la UNPSJB.<br>Identificar y promover la Formaci\u00f3n y Capacitaci\u00f3n tecnol\u00f3gica como elemento fundamental para<br>asegurar el buen desempe\u00f1o de los trabajadores NoDocente y Docentes de la UNPSJB.<br><strong>Funciones<\/strong><br>\u2022 Planificar la actividad a desarrollar en la Direcci\u00f3n, proponiendo los medios para su puesta<br>en marcha y evaluar los resultados.<br>\u2022 Coordinar la actividad de los Departamentos que se deriva de las funciones de la misma.<br>\u2022 Ser enlace y contacto, en el \u00e1mbito de sus competencias, de la Universidad con otros centros<br>o instituciones externas: Universidades, Centros de Investigaci\u00f3n; etc.<br>\u2022 Ser referente para la Direcci\u00f3n General de Planeamiento (TICs) en materia tecnol\u00f3gica para<br>la implementaci\u00f3n de nuevas soluciones que permita a la UNPSJB brindar nuevos y mejores<br>servicios inform\u00e1ticos.<br>\u2022 Investigar sobre posibles herramientas inform\u00e1ticas sustitutas seg\u00fan Ordenanza CS<br>176\/2019.<br>UNPSJB<br><\/p>\n","protected":false},"excerpt":{"rendered":"<p>Misi\u00f3nLa Direcci\u00f3n de Servicios Inform\u00e1ticos es la responsable de todos los asuntos relacionados con elasesoramiento y soporte tecnol\u00f3gico inform\u00e1tico (Hardware<\/p>\n","protected":false},"author":3,"featured_media":0,"parent":0,"menu_order":5,"comment_status":"closed","ping_status":"closed","template":"","meta":{"footnotes":""},"class_list":["post-179","page","type-page","status-publish","hentry"],"_links":{"self":[{"href":"https:\/\/gnulinux.unp.edu.ar\/index.php?rest_route=\/wp\/v2\/pages\/179","targetHints":{"allow":["GET"]}}],"collection":[{"href":"https:\/\/gnulinux.unp.edu.ar\/index.php?rest_route=\/wp\/v2\/pages"}],"about":[{"href":"https:\/\/gnulinux.unp.edu.ar\/index.php?rest_route=\/wp\/v2\/types\/page"}],"author":[{"embeddable":true,"href":"https:\/\/gnulinux.unp.edu.ar\/index.php?rest_route=\/wp\/v2\/users\/3"}],"replies":[{"embeddable":true,"href":"https:\/\/gnulinux.unp.edu.ar\/index.php?rest_route=%2Fwp%2Fv2%2Fcomments&post=179"}],"version-history":[{"count":8,"href":"https:\/\/gnulinux.unp.edu.ar\/index.php?rest_route=\/wp\/v2\/pages\/179\/revisions"}],"predecessor-version":[{"id":227,"href":"https:\/\/gnulinux.unp.edu.ar\/index.php?rest_route=\/wp\/v2\/pages\/179\/revisions\/227"}],"wp:attachment":[{"href":"https:\/\/gnulinux.unp.edu.ar\/index.php?rest_route=%2Fwp%2Fv2%2Fmedia&parent=179"}],"curies":[{"name":"wp","href":"https:\/\/api.w.org\/{rel}","templated":true}]}}