{"id":197,"date":"2024-05-08T07:52:39","date_gmt":"2024-05-08T10:52:39","guid":{"rendered":"http:\/\/gnulinux.unp.edu.ar\/?page_id=197"},"modified":"2024-05-27T12:43:18","modified_gmt":"2024-05-27T15:43:18","slug":"equipo-de-trabajo","status":"publish","type":"page","link":"https:\/\/gnulinux.unp.edu.ar\/?page_id=197","title":{"rendered":"Inicio"},"content":{"rendered":"\n<h1 class=\"wp-block-heading\">DIRECCI\u00d3N DE EQUIPOS T\u00c9CNICOS Y SERVICIOS INFORM\u00c1TICOS<\/h1>\n\n\n\n<h2 class=\"wp-block-heading\">Misi\u00f3n<\/h2>\n\n\n\n<p>La Direcci\u00f3n de Servicios Inform\u00e1ticos es responsable de todos los asuntos relacionados con el asesoramiento y soporte tecnol\u00f3gico inform\u00e1tico (hardware y software) en la UNPSJB y en las instituciones con las que se celebren convenios de colaboraci\u00f3n y\/o servicios. Su misi\u00f3n es favorecer el desempe\u00f1o de las actividades propias de la Instituci\u00f3n, posicion\u00e1ndose como un centro de referencia en colaboraci\u00f3n con la Direcci\u00f3n General de Planeamiento (TICs) y las sedes de la UNPSJB. Adem\u00e1s, se enfoca en identificar y promover la formaci\u00f3n y capacitaci\u00f3n tecnol\u00f3gica como elemento fundamental para asegurar el buen desempe\u00f1o de los trabajadores no docentes y docentes de la UNPSJB. La Direcci\u00f3n participa activamente en establecer y mantener las pol\u00edticas, procesos, procedimientos y est\u00e1ndares de seguridad inform\u00e1tica definidos por la Comisi\u00f3n de Pol\u00edticas en \u201cTecnolog\u00eda de Informaci\u00f3n y Comunicaci\u00f3n y Seguridad de la Informaci\u00f3n\u201d, establecida por la Ordenanza CS 176\/2019.<\/p>\n\n\n\n<h2 class=\"wp-block-heading\">Funciones<\/h2>\n\n\n\n<ul class=\"wp-block-list\"><li><strong>Planificaci\u00f3n de Actividades:<\/strong> Planificar las actividades de la Direcci\u00f3n, proponiendo los medios para su implementaci\u00f3n y evaluando los resultados.<\/li><li><strong>Coordinaci\u00f3n de Departamentos:<\/strong> Coordinar las actividades de los departamentos derivadas de sus funciones.<\/li><li><strong>Enlace y Contacto Externo:<\/strong> Actuar como enlace y contacto entre la Universidad y otros centros o instituciones externas, como universidades y centros de investigaci\u00f3n.<\/li><li><strong>Referencia Tecnol\u00f3gica:<\/strong> Servir como referente para la Direcci\u00f3n General de Planeamiento (TICs) en materia tecnol\u00f3gica, implementando nuevas soluciones que permitan a la UNPSJB brindar nuevos y mejores servicios inform\u00e1ticos.<\/li><li><strong>Investigaci\u00f3n de Herramientas Inform\u00e1ticas:<\/strong> Investigar posibles herramientas inform\u00e1ticas sustitutas, de acuerdo con la Ordenanza CS 176\/2019.<\/li><li><strong>Implementaci\u00f3n de Sistemas:<\/strong> Implementar sistemas que permitan lograr los objetivos establecidos en las comisiones de \u201cTecnolog\u00eda de Informaci\u00f3n y Comunicaci\u00f3n y Seguridad de la Informaci\u00f3n\u201d.<\/li><\/ul>\n\n\n\n<h1 class=\"wp-block-heading\">DEPARTAMENTO DE PLATAFORMA DIGITAL<\/h1>\n\n\n\n<h2 class=\"wp-block-heading\">Misi\u00f3n<\/h2>\n\n\n\n<p>El Departamento de Plataforma Digital es responsable de todos los asuntos relacionados con la tecnolog\u00eda a implementar para la incorporaci\u00f3n de servicios inform\u00e1ticos acordes al desarrollo tecnol\u00f3gico actual. Realiza tareas de control conjunto con otras Direcciones de acuerdo a los objetivos del Plan Estrat\u00e9gico de Tecnolog\u00eda de la Informaci\u00f3n, dando cumplimiento a las normas institucionales en materia de TICs.<\/p>\n\n\n\n<h2 class=\"wp-block-heading\">Funciones<\/h2>\n\n\n\n<ul class=\"wp-block-list\"><li><strong>Planificaci\u00f3n de Actividades:<\/strong> Planificar las actividades del Departamento, proponiendo los medios para su implementaci\u00f3n y evaluando los resultados.<\/li><li><strong>Coordinaci\u00f3n de Funciones:<\/strong> Coordinar las actividades del Departamento derivadas de sus funciones.<\/li><li><strong>Enlace y Contacto:<\/strong> Actuar como enlace y contacto, en el \u00e1mbito de sus competencias, entre la Universidad y otros centros o instituciones externas, como Universidades y Centros de Investigaci\u00f3n.<\/li><li><strong>Mantenimiento de Equipamiento:<\/strong> Mantener en buen estado y funcionamiento todo el equipamiento involucrado en los servicios derivados de la plataforma.<\/li><li><strong>Desarrollo de Servicios en la Nube:<\/strong> Favorecer el desarrollo de servicios basados en la \u201cnube\u201d, aplicando tecnolog\u00edas de infraestructura l\u00f3gica o por software.<\/li><li><strong>Colaboraci\u00f3n en la Elecci\u00f3n de Tecnolog\u00edas:<\/strong> Colaborar con las \u00e1reas del Departamento en la elecci\u00f3n y an\u00e1lisis de nuevas tecnolog\u00edas para implementaciones espec\u00edficas y generales.<\/li><li><strong>Seguimiento y Monitoreo:<\/strong> Realizar el seguimiento y monitoreo de las herramientas inform\u00e1ticas, definiendo obsolescencias y necesidades de recambio.<\/li><li><strong>Investigaci\u00f3n y Testeo de SO:<\/strong> Investigar, recopilar datos y testear Sistemas Operativos en general.<\/li><li><strong>Investigaci\u00f3n y Testeo de Aplicaciones:<\/strong> Investigar, recopilar datos y testear aplicaciones asociadas a los Sistemas Operativos.<\/li><li><strong>Participaci\u00f3n en Comisiones:<\/strong> Contribuir como miembro activo en la \u201cComisi\u00f3n de Pol\u00edticas en Tecnolog\u00edas de Informaci\u00f3n, Comunicaciones y Seguridad de la Informaci\u00f3n de la UNSPJB\u201d y en la \u201cComisi\u00f3n de Ciberseguridad\u201d de las UUNN.<\/li><li><strong>Asesoramiento en Seguridad de Redes:<\/strong> Investigar y brindar asesoramiento a sus usuarios en temas referentes a la seguridad en redes de computadoras.<\/li><\/ul>\n\n\n\n<h1 class=\"wp-block-heading\">DEPARTAMENTO DE EQUIPAMIENTO Y SOPORTE T\u00c9CNICO<\/h1>\n\n\n\n<h2 class=\"wp-block-heading\">Misi\u00f3n<\/h2>\n\n\n\n<p>Proveer un apoyo y soporte tecnol\u00f3gico uniforme que favorezca el desempe\u00f1o \u00f3ptimo de las actividades propias de la Universidad, estableciendo un centro de referencia en colaboraci\u00f3n con toda la Direcci\u00f3n de Servicios Inform\u00e1ticos.<\/p>\n\n\n\n<h2 class=\"wp-block-heading\">Funciones<\/h2>\n\n\n\n<ul class=\"wp-block-list\"><li><strong>Soporte y Apoyo Tecnol\u00f3gico:<\/strong> Proporcionar un apoyo y soporte tecnol\u00f3gico uniforme dentro del \u00e1rea de Inform\u00e1tica a las dependencias de la Universidad y a las Instituciones con las que se celebren convenios de colaboraci\u00f3n o servicios, asegurando un desempe\u00f1o eficiente de las actividades propias.<\/li><li><strong>Reparaci\u00f3n y Mantenimiento:<\/strong> Gestionar la reparaci\u00f3n, mantenimiento y registro del parque inform\u00e1tico de la Universidad para garantizar su adecuado funcionamiento.<\/li><li><strong>Homologaci\u00f3n de Equipamiento:<\/strong> Asegurar la homologaci\u00f3n del equipamiento inform\u00e1tico para su correcta integraci\u00f3n en la estructura tecnol\u00f3gica de la Universidad.<\/li><li><strong>Asesor\u00eda en Compras:<\/strong> Colaborar y asesorar a la Direcci\u00f3n de Compras con informaci\u00f3n t\u00e9cnica para la adquisici\u00f3n de equipos inform\u00e1ticos, siempre alineados con los Est\u00e1ndares Tecnol\u00f3gicos de la Administraci\u00f3n P\u00fablica (ONTI).<\/li><li><strong>Instalaci\u00f3n y Actualizaci\u00f3n de Software:<\/strong> Instalar y actualizar sistemas operativos, software de inform\u00e1tica, antivirus y otros aplicativos en las computadoras de escritorio y port\u00e1tiles pertenecientes a la Universidad.<\/li><li><strong>Registro del Parque Inform\u00e1tico:<\/strong> Colaborar con la Direcci\u00f3n de Patrimonio en el proceso de registro del parque inform\u00e1tico.<\/li><li><strong>Seguimiento de Contratos:<\/strong> Monitorizar el cumplimiento de los contratos de servicios inform\u00e1ticos proporcionados por terceros y participar en la comisi\u00f3n de recepci\u00f3n de equipamiento solicitado por \u00e1reas espec\u00edficas.<\/li><\/ul>\n\n\n\n<p><\/p>\n\n\n\n<h1 class=\"wp-block-heading\">DEPARTAMENTO DE CAPACITACI\u00d3N E INCLUSI\u00d3N DIGITAL<\/h1>\n\n\n\n<h2 class=\"wp-block-heading\">Misi\u00f3n<\/h2>\n\n\n\n<p>Proponer e intervenir en los programas de capacitaci\u00f3n ofrecidos por la Direcci\u00f3n General de Servicios Inform\u00e1ticos en el \u00e1rea de las TICs y en el aprovechamiento de las tecnolog\u00edas para el beneficio de la comunidad en general. Promover la inclusi\u00f3n digital y el desarrollo de competencias sociales, culturales, cient\u00edficas, laborales y educativas, integradas con las tecnolog\u00edas de informaci\u00f3n, comunicaci\u00f3n e inform\u00e1tica. Fomentar la accesibilidad e inclusi\u00f3n a servicios y contenidos digitales para el \u00e1mbito estatal, con el objetivo de mejorar la integraci\u00f3n, participaci\u00f3n y calidad de vida de toda la comunidad universitaria.<\/p>\n\n\n\n<h2 class=\"wp-block-heading\">Funciones<\/h2>\n\n\n\n<ul class=\"wp-block-list\"><li><strong>Coordinaci\u00f3n de Actividades:<\/strong> Coordinar las actividades del Departamento derivadas de sus funciones. Planificar, coordinar y dictar cursos de capacitaci\u00f3n en tecnolog\u00edas asociadas a las TICs, tanto para el personal interno como externo de la Direcci\u00f3n.<\/li><li><strong>Mantenimiento de Equipamiento:<\/strong> Responsabilizarse del mantenimiento del equipamiento inform\u00e1tico destinado a laboratorios de computaci\u00f3n utilizados para la capacitaci\u00f3n.<\/li><li><strong>Asesoramiento T\u00e9cnico:<\/strong> Presentar estudios de factibilidad t\u00e9cnica, econ\u00f3mica y operativa para asesorar a la Direcci\u00f3n en la toma de decisiones.<\/li><li><strong>Plan de Capacitaci\u00f3n Anual:<\/strong> Proporcionar contenido espec\u00edfico para el plan de capacitaci\u00f3n anual del personal de la Direcci\u00f3n, alineado con los objetivos del mismo.<\/li><li><strong>Diagn\u00f3stico de Necesidades:<\/strong> Diagnosticar las necesidades de la Instituci\u00f3n para capacitar al personal en el uso de las herramientas inform\u00e1ticas definidas.<\/li><li><strong>Fortalecimiento de Competencias:<\/strong> Fortalecer el conocimiento, habilidades y actitudes en los participantes de la UNPSJB, contribuyendo al logro de los objetivos institucionales.<\/li><\/ul>\n","protected":false},"excerpt":{"rendered":"<p>DIRECCI\u00d3N DE EQUIPOS T\u00c9CNICOS Y SERVICIOS INFORM\u00c1TICOS Misi\u00f3n La Direcci\u00f3n de Servicios Inform\u00e1ticos es responsable de todos los asuntos relacionados<\/p>\n","protected":false},"author":3,"featured_media":0,"parent":0,"menu_order":0,"comment_status":"closed","ping_status":"closed","template":"","meta":{"footnotes":""},"class_list":["post-197","page","type-page","status-publish","hentry"],"_links":{"self":[{"href":"https:\/\/gnulinux.unp.edu.ar\/index.php?rest_route=\/wp\/v2\/pages\/197","targetHints":{"allow":["GET"]}}],"collection":[{"href":"https:\/\/gnulinux.unp.edu.ar\/index.php?rest_route=\/wp\/v2\/pages"}],"about":[{"href":"https:\/\/gnulinux.unp.edu.ar\/index.php?rest_route=\/wp\/v2\/types\/page"}],"author":[{"embeddable":true,"href":"https:\/\/gnulinux.unp.edu.ar\/index.php?rest_route=\/wp\/v2\/users\/3"}],"replies":[{"embeddable":true,"href":"https:\/\/gnulinux.unp.edu.ar\/index.php?rest_route=%2Fwp%2Fv2%2Fcomments&post=197"}],"version-history":[{"count":4,"href":"https:\/\/gnulinux.unp.edu.ar\/index.php?rest_route=\/wp\/v2\/pages\/197\/revisions"}],"predecessor-version":[{"id":276,"href":"https:\/\/gnulinux.unp.edu.ar\/index.php?rest_route=\/wp\/v2\/pages\/197\/revisions\/276"}],"wp:attachment":[{"href":"https:\/\/gnulinux.unp.edu.ar\/index.php?rest_route=%2Fwp%2Fv2%2Fmedia&parent=197"}],"curies":[{"name":"wp","href":"https:\/\/api.w.org\/{rel}","templated":true}]}}