{"id":231,"date":"2024-05-08T12:42:05","date_gmt":"2024-05-08T15:42:05","guid":{"rendered":"http:\/\/gnulinux.unp.edu.ar\/?page_id=231"},"modified":"2024-05-08T12:43:49","modified_gmt":"2024-05-08T15:43:49","slug":"area-de-equipamiento-y-soporte-tecnico","status":"publish","type":"page","link":"https:\/\/gnulinux.unp.edu.ar\/?page_id=231","title":{"rendered":"\u00c1rea de Equipamiento y Soporte T\u00e9cnico"},"content":{"rendered":"\n<p>DEPARTAMENTO DE EQUIPAMIENTO<br>Y SOPORTE T\u00c9CNICO<br>Misi\u00f3n<br>Ofrece el apoyo y soporte tecnol\u00f3gico uniforme para favorecer el desempe\u00f1o de las actividades<br>propias, estableciendo un centro de referencia, en colaboraci\u00f3n con toda la Direcci\u00f3n de Servicios<br>Inform\u00e1ticos.<br>Funciones<br>\u2022 Ofrece, al interior del \u00e1rea de Inform\u00e1tica, a dependencias de la Universidad y a<br>Instituciones con las que se celebren convenios de colaboraci\u00f3n o servicios, el apoyo y<br>soporte tecnol\u00f3gico uniforme para favorecer el desempe\u00f1o de las actividades propias,<br>estableciendo un centro de referencia, en colaboraci\u00f3n con toda el \u00e1rea de Inform\u00e1tica.<br>\u2022 Entender en la reparaci\u00f3n y mantenimiento del parque inform\u00e1tico de equipos de la<br>Universidad para un adecuado funcionamiento de los mismos.<br>\u2022 Entender en la homologaci\u00f3n del equipamiento inform\u00e1tico para la correcta integraci\u00f3n de<br>los mismos en la estructura tecnol\u00f3gica de la Universidad.<br>\u2022 Colaborar, asesorar con informaci\u00f3n t\u00e9cnica a la Direcci\u00f3n de Compras en la toma de<br>decisiones para la compra de equipos inform\u00e1ticos encuadrados siempre en los Est\u00e1ndares<br>Tecnol\u00f3gicos de la Administraci\u00f3n P\u00fablica(ONTI)<br>\u2022 Instalar y actualizar los sistemas operativos de base, software de inform\u00e1tica,<br>antivirus y dem\u00e1s aplicativos en las computadoras de escritorio y port\u00e1tiles<br>perteneciente al Organismo.<br>\u2022 Entender en la homologaci\u00f3n del equipamiento inform\u00e1tico para la correcta integraci\u00f3n de<br>los mismos en la estructura tecnol\u00f3gica de la Universidad<br>\u2022 Colaborar con la Direcci\u00f3n de Patrimonio en el proceso de registro del parque<br>inform\u00e1tico.<br>\u2022 Seguimiento al cumplimiento de los contratos de servicios inform\u00e1ticos<br>proporcionados por terceros como as\u00ed tambi\u00e9n participaci\u00f3n en la comisi\u00f3n de<br>recepci\u00f3n de equipamiento solicitados por \u00e1reas espec\u00edficas.<br>UNPSJB<br>P\u00e1gina 13 de 14<\/p>\n","protected":false},"excerpt":{"rendered":"<p>DEPARTAMENTO DE EQUIPAMIENTOY SOPORTE T\u00c9CNICOMisi\u00f3nOfrece el apoyo y soporte tecnol\u00f3gico uniforme para favorecer el desempe\u00f1o de las actividadespropias, estableciendo un<\/p>\n","protected":false},"author":3,"featured_media":0,"parent":179,"menu_order":0,"comment_status":"closed","ping_status":"closed","template":"","meta":{"footnotes":""},"class_list":["post-231","page","type-page","status-publish","hentry"],"_links":{"self":[{"href":"https:\/\/gnulinux.unp.edu.ar\/index.php?rest_route=\/wp\/v2\/pages\/231","targetHints":{"allow":["GET"]}}],"collection":[{"href":"https:\/\/gnulinux.unp.edu.ar\/index.php?rest_route=\/wp\/v2\/pages"}],"about":[{"href":"https:\/\/gnulinux.unp.edu.ar\/index.php?rest_route=\/wp\/v2\/types\/page"}],"author":[{"embeddable":true,"href":"https:\/\/gnulinux.unp.edu.ar\/index.php?rest_route=\/wp\/v2\/users\/3"}],"replies":[{"embeddable":true,"href":"https:\/\/gnulinux.unp.edu.ar\/index.php?rest_route=%2Fwp%2Fv2%2Fcomments&post=231"}],"version-history":[{"count":1,"href":"https:\/\/gnulinux.unp.edu.ar\/index.php?rest_route=\/wp\/v2\/pages\/231\/revisions"}],"predecessor-version":[{"id":233,"href":"https:\/\/gnulinux.unp.edu.ar\/index.php?rest_route=\/wp\/v2\/pages\/231\/revisions\/233"}],"up":[{"embeddable":true,"href":"https:\/\/gnulinux.unp.edu.ar\/index.php?rest_route=\/wp\/v2\/pages\/179"}],"wp:attachment":[{"href":"https:\/\/gnulinux.unp.edu.ar\/index.php?rest_route=%2Fwp%2Fv2%2Fmedia&parent=231"}],"curies":[{"name":"wp","href":"https:\/\/api.w.org\/{rel}","templated":true}]}}