{"id":234,"date":"2024-05-08T12:46:22","date_gmt":"2024-05-08T15:46:22","guid":{"rendered":"http:\/\/gnulinux.unp.edu.ar\/?page_id=234"},"modified":"2024-05-08T12:46:23","modified_gmt":"2024-05-08T15:46:23","slug":"capacitacion-e-inclusion-digital","status":"publish","type":"page","link":"https:\/\/gnulinux.unp.edu.ar\/?page_id=234","title":{"rendered":"Capacitaci\u00f3n e Inclusi\u00f3n digital"},"content":{"rendered":"\n<p>Misi\u00f3n<br>Proponer e intervenir en los programas de capacitaci\u00f3n ofrecidos por la Direcci\u00f3n general de<br>Servicios Inform\u00e1ticos, en el \u00e1rea de las TICs y en lo relacionado con el aprovechamiento de las<br>tecnolog\u00edas en beneficio de la comunidad en general. Promover la inclusi\u00f3n digital y el desarrollo<br>de competencias sociales, culturales, cient\u00edficas, laborales y educativas entramadas con las<br>tecnolog\u00edas de informaci\u00f3n, comunicaci\u00f3n e inform\u00e1tica, propiciando la accesibilidad e inclusi\u00f3n a<br>servicios y contenidos digitales para el \u00e1mbito estatal con el objetivo de mejorar la integraci\u00f3n,<br>participaci\u00f3n y calidad de vida de toda la comunidad universitaria.<br>Funciones<br>\u2022 Coordinar la actividad del Departamento que se deriva de las funciones del mismo.<br>Planificar, coordinar y dictar cursos de capacitaci\u00f3n en tecnolog\u00edas asociadas a las TIC \u0301 s,<br>tanto para el personal interno como externo de la Direcci\u00f3n.<br>\u2022 Tiene a su cargo la responsabilidad sobre el mantenimiento del equipamiento inform\u00e1tico<br>destinado a laboratorios de computaci\u00f3n destinados a la capacitaci\u00f3n.<br>\u2022 Presentar estudios de la factibilidad t\u00e9cnica, econ\u00f3mica y operativa para asesorar a la<br>Direcci\u00f3n en la toma de decisiones.<br>\u2022 Dar contenido espec\u00edfico al plan de capacitaci\u00f3n anual del personal de la Direcci\u00f3n, en<br>relaci\u00f3n a los objetivos del mismo.<br>\u2022 Diagnosticar las necesidades de la Instituci\u00f3n para capacitar al personal en el uso de las<br>herramientas Inform\u00e1ticas definidas.<br>\u2022 Fortalecer el conocimiento, habilidades o actitudes en los participantes de la UNPSJB a fin<br>de contribuir en el logro de los objetivos de la misma.<br>UNPSJB<br>P\u00e1gina 14 de 14<\/p>\n","protected":false},"excerpt":{"rendered":"<p>Misi\u00f3nProponer e intervenir en los programas de capacitaci\u00f3n ofrecidos por la Direcci\u00f3n general deServicios Inform\u00e1ticos, en el \u00e1rea de las<\/p>\n","protected":false},"author":3,"featured_media":0,"parent":179,"menu_order":0,"comment_status":"closed","ping_status":"closed","template":"","meta":{"footnotes":""},"class_list":["post-234","page","type-page","status-publish","hentry"],"_links":{"self":[{"href":"https:\/\/gnulinux.unp.edu.ar\/index.php?rest_route=\/wp\/v2\/pages\/234","targetHints":{"allow":["GET"]}}],"collection":[{"href":"https:\/\/gnulinux.unp.edu.ar\/index.php?rest_route=\/wp\/v2\/pages"}],"about":[{"href":"https:\/\/gnulinux.unp.edu.ar\/index.php?rest_route=\/wp\/v2\/types\/page"}],"author":[{"embeddable":true,"href":"https:\/\/gnulinux.unp.edu.ar\/index.php?rest_route=\/wp\/v2\/users\/3"}],"replies":[{"embeddable":true,"href":"https:\/\/gnulinux.unp.edu.ar\/index.php?rest_route=%2Fwp%2Fv2%2Fcomments&post=234"}],"version-history":[{"count":1,"href":"https:\/\/gnulinux.unp.edu.ar\/index.php?rest_route=\/wp\/v2\/pages\/234\/revisions"}],"predecessor-version":[{"id":235,"href":"https:\/\/gnulinux.unp.edu.ar\/index.php?rest_route=\/wp\/v2\/pages\/234\/revisions\/235"}],"up":[{"embeddable":true,"href":"https:\/\/gnulinux.unp.edu.ar\/index.php?rest_route=\/wp\/v2\/pages\/179"}],"wp:attachment":[{"href":"https:\/\/gnulinux.unp.edu.ar\/index.php?rest_route=%2Fwp%2Fv2%2Fmedia&parent=234"}],"curies":[{"name":"wp","href":"https:\/\/api.w.org\/{rel}","templated":true}]}}