{"id":239,"date":"2024-07-12T09:48:56","date_gmt":"2024-07-12T12:48:56","guid":{"rendered":"http:\/\/gnulinux.unp.edu.ar\/?page_id=239"},"modified":"2024-07-12T09:52:45","modified_gmt":"2024-07-12T12:52:45","slug":"soporte-tecnico","status":"publish","type":"page","link":"https:\/\/gnulinux.unp.edu.ar\/?page_id=239","title":{"rendered":"Soporte"},"content":{"rendered":"\n<p><strong>Misi\u00f3n<\/strong><\/p>\n\n\n\n<p>Ofrece el apoyo y soporte tecnol\u00f3gico uniforme para favorecer el desempe\u00f1o de las actividades propias, estableciendo un centro de referencia, en colaboraci\u00f3n con toda la Direcci\u00f3n de Servicios Inform\u00e1ticos.<\/p>\n\n\n\n<p><strong>Funciones<\/strong><\/p>\n\n\n\n<ul class=\"wp-block-list\"><li>Ofrece,&nbsp;&nbsp; al&nbsp;&nbsp; interior&nbsp;&nbsp; del&nbsp;&nbsp; \u00e1rea&nbsp;&nbsp; de&nbsp;&nbsp; Inform\u00e1tica,&nbsp;&nbsp; a&nbsp;&nbsp; dependencias&nbsp;&nbsp; de&nbsp;&nbsp; la&nbsp;&nbsp; Universidad&nbsp;&nbsp; y&nbsp;&nbsp; a Instituciones con las que se celebren convenios de colaboraci\u00f3n o servicios, el apoyo y soporte&nbsp;&nbsp; tecnol\u00f3gico&nbsp;&nbsp; uniforme&nbsp;&nbsp; para&nbsp;&nbsp; favorecer&nbsp;&nbsp; el&nbsp;&nbsp; desempe\u00f1o&nbsp;&nbsp; de&nbsp;&nbsp; las&nbsp;&nbsp; actividades&nbsp;&nbsp; propias, estableciendo un centro de referencia, en colaboraci\u00f3n con toda el \u00e1rea de Inform\u00e1tica.<\/li><li>Entender&nbsp;&nbsp; en&nbsp;&nbsp; la&nbsp;&nbsp; reparaci\u00f3n, mantenimiento y registro del parque inform\u00e1tico de equipos&nbsp;&nbsp; de&nbsp;&nbsp; la Universidad para un adecuado funcionamiento de los mismos.<\/li><li>Entender en la homologaci\u00f3n del equipamiento inform\u00e1tico para la correcta integraci\u00f3n de los mismos en la estructura tecnol\u00f3gica de la Universidad.<\/li><li>Colaborar, asesorar con informaci\u00f3n t\u00e9cnica a la Direcci\u00f3n de Compras en la toma de decisiones para la compra de equipos inform\u00e1ticos encuadrados siempre en los Est\u00e1ndares Tecnol\u00f3gicos de la Administraci\u00f3n P\u00fablica (ONTI).<\/li><li>Instalar y actualizar los sistemas operativos de base, software de inform\u00e1tica, antivirus y dem\u00e1s aplicativos en las computadoras de escritorio y port\u00e1tiles perteneciente al Organismo.<\/li><li>Entender en la homologaci\u00f3n del equipamiento inform\u00e1tico para la correcta integraci\u00f3n de los mismos en la estructura tecnol\u00f3gica de la Universidad.<\/li><li>Colaborar con la Direcci\u00f3n de Patrimonio en el proceso de registro del parque inform\u00e1tico.<\/li><li>Seguimiento al cumplimiento de los contratos de servicios inform\u00e1ticos proporcionados por terceros como as\u00ed tambi\u00e9n participaci\u00f3n en la comisi\u00f3n de recepci\u00f3n de equipamiento solicitados por \u00e1reas espec\u00edficas.<\/li><\/ul>\n","protected":false},"excerpt":{"rendered":"<p>Misi\u00f3n Ofrece el apoyo y soporte tecnol\u00f3gico uniforme para favorecer el desempe\u00f1o de las actividades propias, estableciendo un centro de<\/p>\n","protected":false},"author":3,"featured_media":0,"parent":0,"menu_order":0,"comment_status":"closed","ping_status":"closed","template":"","meta":{"footnotes":""},"class_list":["post-239","page","type-page","status-publish","hentry"],"_links":{"self":[{"href":"https:\/\/gnulinux.unp.edu.ar\/index.php?rest_route=\/wp\/v2\/pages\/239","targetHints":{"allow":["GET"]}}],"collection":[{"href":"https:\/\/gnulinux.unp.edu.ar\/index.php?rest_route=\/wp\/v2\/pages"}],"about":[{"href":"https:\/\/gnulinux.unp.edu.ar\/index.php?rest_route=\/wp\/v2\/types\/page"}],"author":[{"embeddable":true,"href":"https:\/\/gnulinux.unp.edu.ar\/index.php?rest_route=\/wp\/v2\/users\/3"}],"replies":[{"embeddable":true,"href":"https:\/\/gnulinux.unp.edu.ar\/index.php?rest_route=%2Fwp%2Fv2%2Fcomments&post=239"}],"version-history":[{"count":3,"href":"https:\/\/gnulinux.unp.edu.ar\/index.php?rest_route=\/wp\/v2\/pages\/239\/revisions"}],"predecessor-version":[{"id":286,"href":"https:\/\/gnulinux.unp.edu.ar\/index.php?rest_route=\/wp\/v2\/pages\/239\/revisions\/286"}],"wp:attachment":[{"href":"https:\/\/gnulinux.unp.edu.ar\/index.php?rest_route=%2Fwp%2Fv2%2Fmedia&parent=239"}],"curies":[{"name":"wp","href":"https:\/\/api.w.org\/{rel}","templated":true}]}}