{"id":240,"date":"2024-05-10T07:39:04","date_gmt":"2024-05-10T10:39:04","guid":{"rendered":"http:\/\/gnulinux.unp.edu.ar\/?page_id=240"},"modified":"2024-05-10T10:09:44","modified_gmt":"2024-05-10T13:09:44","slug":"asesoria","status":"publish","type":"page","link":"https:\/\/gnulinux.unp.edu.ar\/?page_id=240","title":{"rendered":"Asesor\u00eda"},"content":{"rendered":"\n<p>Bienvenido al servicio de asesor\u00eda de SoporteTI dependiente del Rectorado de la Universidad Nacional de la Patagonia San Juan Bosco. Reconocemos los desaf\u00edos que enfrentan tanto t\u00e9cnicos con experiencia como aquellos en formaci\u00f3n en el \u00e1mbito de la tecnolog\u00eda de la informaci\u00f3n. Conscientes de que muchas veces este trabajo se realiza en solitario, nos esforzamos por crear una comunidad donde puedan compartirse conocimientos y experiencias.<\/p>\n\n\n\n<p>Nuestra asesor\u00eda est\u00e1 dise\u00f1ada para proporcionar un espacio donde los profesionales de TI puedan colaborar y aprender unos de otros. Ya sea que est\u00e9s buscando orientaci\u00f3n sobre una implementaci\u00f3n espec\u00edfica, resoluci\u00f3n de problemas t\u00e9cnicos complejos o simplemente deseas discutir las mejores pr\u00e1cticas en el campo, estamos aqu\u00ed para ayudarte.<\/p>\n\n\n\n<p>Entendemos la importancia de obtener diferentes perspectivas en el \u00e1mbito de la tecnolog\u00eda, por lo que nuestro servicio de asesor\u00eda no se limita \u00fanicamente a t\u00e9cnicos. Tambi\u00e9n brindamos apoyo al personal de gesti\u00f3n de la instituci\u00f3n, al personal docente y  no docente, usuarios finales y otras dependencias de la Universidad de la Patagonia San Juan Bosco.<\/p>\n\n\n\n<p>En SoporteTI, creemos en el poder de la comunidad para impulsar el crecimiento profesional y resolver desaf\u00edos tecnol\u00f3gicos de manera colaborativa. <\/p>\n\n\n\n<p>\u00a1Estamos aqu\u00ed para ayudarte!<\/p>\n\n\n\n<p><\/p>\n\n\n\n<p>AGREGAR COMPRAS EQUIPAMIENTO, PLANIFICACION CAMBIO Y ACTUALIZACION DE EQUIPAMIENTO, PARTICIPACION EN POLITICAS DE SEGURIDAD DE INFORMATICA, COMPRAS, ESTABLECIMIENTO DE ESTANDARES TECNOLOGICOS EN CONCORDANCIA CON REFERENTES TECNICOS DE LAS SEDES.<\/p>\n\n\n\n<p><\/p>\n","protected":false},"excerpt":{"rendered":"<p>Bienvenido al servicio de asesor\u00eda de SoporteTI dependiente del Rectorado de la Universidad Nacional de la Patagonia San Juan Bosco.<\/p>\n","protected":false},"author":3,"featured_media":0,"parent":0,"menu_order":3,"comment_status":"closed","ping_status":"closed","template":"","meta":{"footnotes":""},"class_list":["post-240","page","type-page","status-publish","hentry"],"_links":{"self":[{"href":"https:\/\/gnulinux.unp.edu.ar\/index.php?rest_route=\/wp\/v2\/pages\/240","targetHints":{"allow":["GET"]}}],"collection":[{"href":"https:\/\/gnulinux.unp.edu.ar\/index.php?rest_route=\/wp\/v2\/pages"}],"about":[{"href":"https:\/\/gnulinux.unp.edu.ar\/index.php?rest_route=\/wp\/v2\/types\/page"}],"author":[{"embeddable":true,"href":"https:\/\/gnulinux.unp.edu.ar\/index.php?rest_route=\/wp\/v2\/users\/3"}],"replies":[{"embeddable":true,"href":"https:\/\/gnulinux.unp.edu.ar\/index.php?rest_route=%2Fwp%2Fv2%2Fcomments&post=240"}],"version-history":[{"count":5,"href":"https:\/\/gnulinux.unp.edu.ar\/index.php?rest_route=\/wp\/v2\/pages\/240\/revisions"}],"predecessor-version":[{"id":261,"href":"https:\/\/gnulinux.unp.edu.ar\/index.php?rest_route=\/wp\/v2\/pages\/240\/revisions\/261"}],"wp:attachment":[{"href":"https:\/\/gnulinux.unp.edu.ar\/index.php?rest_route=%2Fwp%2Fv2%2Fmedia&parent=240"}],"curies":[{"name":"wp","href":"https:\/\/api.w.org\/{rel}","templated":true}]}}