{"id":257,"date":"2024-05-10T09:15:08","date_gmt":"2024-05-10T12:15:08","guid":{"rendered":"http:\/\/gnulinux.unp.edu.ar\/?page_id=257"},"modified":"2024-07-31T11:46:04","modified_gmt":"2024-07-31T14:46:04","slug":"contacto","status":"publish","type":"page","link":"https:\/\/gnulinux.unp.edu.ar\/?page_id=257","title":{"rendered":"Contactos"},"content":{"rendered":"\n<p>Departamento desoporte T\u00e9cnico. TI :<\/p>\n\n\n\n<p>Referente Sede Comodoro Rivadavia: Tec. Germ\u00e1n Walter Tocon\u00e1s gwt@dirinfo.unp.edu.ar<\/p>\n\n\n\n<p>Tec. Dante Consiglio<\/p>\n\n\n\n<p>Tec. Javier Crespo<\/p>\n\n\n\n<p>Referente Sede Trelew : Hector Hugo Amado<\/p>\n\n\n\n<p>Referente Sede Puerto Madryn : Mar\u00eda Gabriela Olguin<\/p>\n\n\n\n<p>Referente Esquel :  Ver\u00f3nica Viviana Botto<\/p>\n\n\n\n<p><br>\u00c1rea Capacitaci\u00f3n e Inclusi\u00f3n digital: T\u00e9c. Walter Olivera<br><br><\/p>\n","protected":false},"excerpt":{"rendered":"<p>Departamento desoporte T\u00e9cnico. TI : Referente Sede Comodoro Rivadavia: Tec. Germ\u00e1n Walter Tocon\u00e1s gwt@dirinfo.unp.edu.ar Tec. Dante Consiglio Tec. Javier Crespo<\/p>\n","protected":false},"author":3,"featured_media":0,"parent":0,"menu_order":8,"comment_status":"closed","ping_status":"closed","template":"","meta":{"footnotes":""},"class_list":["post-257","page","type-page","status-publish","hentry"],"_links":{"self":[{"href":"https:\/\/gnulinux.unp.edu.ar\/index.php?rest_route=\/wp\/v2\/pages\/257","targetHints":{"allow":["GET"]}}],"collection":[{"href":"https:\/\/gnulinux.unp.edu.ar\/index.php?rest_route=\/wp\/v2\/pages"}],"about":[{"href":"https:\/\/gnulinux.unp.edu.ar\/index.php?rest_route=\/wp\/v2\/types\/page"}],"author":[{"embeddable":true,"href":"https:\/\/gnulinux.unp.edu.ar\/index.php?rest_route=\/wp\/v2\/users\/3"}],"replies":[{"embeddable":true,"href":"https:\/\/gnulinux.unp.edu.ar\/index.php?rest_route=%2Fwp%2Fv2%2Fcomments&post=257"}],"version-history":[{"count":12,"href":"https:\/\/gnulinux.unp.edu.ar\/index.php?rest_route=\/wp\/v2\/pages\/257\/revisions"}],"predecessor-version":[{"id":296,"href":"https:\/\/gnulinux.unp.edu.ar\/index.php?rest_route=\/wp\/v2\/pages\/257\/revisions\/296"}],"wp:attachment":[{"href":"https:\/\/gnulinux.unp.edu.ar\/index.php?rest_route=%2Fwp%2Fv2%2Fmedia&parent=257"}],"curies":[{"name":"wp","href":"https:\/\/api.w.org\/{rel}","templated":true}]}}